{"id":57365,"date":"2023-03-12T17:33:21","date_gmt":"2023-03-12T16:33:21","guid":{"rendered":"https:\/\/accessallartists.de\/?page_id=57365"},"modified":"2026-03-28T03:03:28","modified_gmt":"2026-03-28T02:03:28","slug":"impressum","status":"publish","type":"page","link":"https:\/\/accessallartists.de\/en\/impressum\/","title":{"rendered":"Impressum"},"content":{"rendered":"<div class=\"wpb-content-wrapper\"><div data-vc-full-width=\"true\" data-vc-full-width-temp=\"true\" data-vc-full-width-init=\"false\" class=\"vc_row wpb_row vc_row-fluid\"><div class=\"wpb_column vc_column_container vc_col-sm-12\"><div class=\"vc_column-inner\"><div class=\"wpb_wrapper\">\n\t<div class=\"wpb_text_column wpb_content_element\" >\n\t\t<div class=\"wpb_wrapper\">\n\t\t\t<p style=\"text-align: center;\"><strong>Impressum<\/strong><br \/>\nGesetzliche Anbieterkennung:<\/p>\n<p style=\"text-align: center;\"><strong>Access All Artists GmbH<\/strong><br \/>\nHans-Sommer-Str. 67<br \/>\n38106 Braunschweig<br \/>\nDeutschland<\/p>\n<p style=\"text-align: center;\"><strong>Gesch\u00e4ftsf\u00fchrer:<\/strong><br \/>\nKonstantinos Nikolaidis<\/p>\n<p style=\"text-align: center;\"><strong>B\u00fcro Rufnummer:<\/strong><br \/>\nTel.: +49 (0) 531 213 66 799<\/p>\n<p style=\"text-align: center;\"><strong>E-Mail:<\/strong>\u00a0info@accessallartists.de<br \/>\n<strong>Web:<\/strong>\u00a0www.accessallartists.de<\/p>\n<p style=\"text-align: center;\"><strong>USt.-Nr.:<\/strong>\u00a0DE354728214<br \/>\n<strong>Handelsregister:<\/strong> HRB 210196<br \/>\n<strong>Amtsgericht:<\/strong> Braunschweig<\/p>\n<p style=\"text-align: center;\"><strong>Design &amp; Umsetzung:<\/strong><br \/>\nMediengestaltung Bielefeld \u2013\u00a0<a href=\"https:\/\/www.mediengestaltung-bielefeld.de\/\" target=\"_blank\" rel=\"noopener\">www.mediengestaltung-bielefeld.de<\/a><\/p>\n\n\t\t<\/div>\n\t<\/div>\n<div class=\"vc_empty_space\"   style=\"height: 32px\"><span class=\"vc_empty_space_inner\"><\/span><\/div>\n\t<div class=\"wpb_text_column wpb_content_element\" >\n\t\t<div class=\"wpb_wrapper\">\n\t\t\t<p style=\"text-align: center;\"><strong>Alternative Streitbeilegung:<\/strong><br \/>\nDie Europ\u00e4ische Kommission stellt eine Plattform f\u00fcr die au\u00dfergerichtliche Online-Streitbeilegung (OS-Plattform) bereit, aufrufbar unter https:\/\/ec.europa.eu\/odr.<\/p>\n<p style=\"text-align: center;\"><strong>Rechtliche Hinweise zur Webseite<\/strong><br \/>\nAlle Texte, Bilder und weiter hier ver\u00f6ffentlichten Informationen unterliegen dem Urheberrecht des Anbieters, soweit nicht Urheberrechte Dritter bestehen. In jedem Fall ist eine Vervielf\u00e4ltigung, Verbreitung oder \u00f6ffentliche Wiedergabe ausschlie\u00dflich im Falle einer widerruflichen und nicht \u00fcbertr\/AGBaren Zustimmung des Anbieters gestattet.<\/p>\n<p style=\"text-align: center;\">F\u00fcr alle mittels Querverweis (Link) verbundenen Webinhalte \u00fcbernimmt der Anbieter keine Verantwortung, da es sich hierbei nicht um eigene Inhalte handelt. Die verlinkten Seiten wurden auf rechtswidrige Inhalte \u00fcberpr\u00fcft, zum Zeitpunkt der Verlinkung waren solche nicht erkennbar. Verantwortlich f\u00fcr den Inhalt der verlinkten Seiten ist deren Betreiber. Der Anbieter hat hierzu keine allgemeine \u00dcberwachungs- und Pr\u00fcfungspflicht. Bei Bekanntwerden einer Rechtsverletzung wird der entsprechende Link jedoch umgehend entfernt.<\/p>\n\n\t\t<\/div>\n\t<\/div>\n<\/div><\/div><\/div><\/div><div class=\"vc_row-full-width vc_clearfix\"><\/div>\n<\/div>","protected":false},"excerpt":{"rendered":"<p>Impressum Gesetzliche Anbieterkennung: Access All Artists GmbH Hans-Sommer-Str. 67 38106 Braunschweig Deutschland Gesch\u00e4ftsf\u00fchrer: Konstantinos Nikolaidis B\u00fcro Rufnummer: Tel.: +49 (0) 531 213 66 799 E-Mail:\u00a0info@accessallartists.de Web:\u00a0www.accessallartists.de USt.-Nr.:\u00a0DE354728214 Handelsregister: HRB 210196 Amtsgericht: Braunschweig Design &amp; Umsetzung: Mediengestaltung Bielefeld \u2013\u00a0www.mediengestaltung-bielefeld.de Alternative Streitbeilegung: Die Europ\u00e4ische Kommission stellt eine Plattform f\u00fcr die au\u00dfergerichtliche Online-Streitbeilegung (OS-Plattform) bereit, aufrufbar unter https:\/\/ec.europa.eu\/odr.&hellip;<\/p>","protected":false},"author":1,"featured_media":57541,"parent":0,"menu_order":0,"comment_status":"closed","ping_status":"closed","template":"","meta":{"inline_featured_image":false,"footnotes":""},"class_list":["post-57365","page","type-page","status-publish","has-post-thumbnail","hentry","description-off"],"_links":{"self":[{"href":"https:\/\/accessallartists.de\/en\/wp-json\/wp\/v2\/pages\/57365","targetHints":{"allow":["GET"]}}],"collection":[{"href":"https:\/\/accessallartists.de\/en\/wp-json\/wp\/v2\/pages"}],"about":[{"href":"https:\/\/accessallartists.de\/en\/wp-json\/wp\/v2\/types\/page"}],"author":[{"embeddable":true,"href":"https:\/\/accessallartists.de\/en\/wp-json\/wp\/v2\/users\/1"}],"replies":[{"embeddable":true,"href":"https:\/\/accessallartists.de\/en\/wp-json\/wp\/v2\/comments?post=57365"}],"version-history":[{"count":1,"href":"https:\/\/accessallartists.de\/en\/wp-json\/wp\/v2\/pages\/57365\/revisions"}],"predecessor-version":[{"id":59337,"href":"https:\/\/accessallartists.de\/en\/wp-json\/wp\/v2\/pages\/57365\/revisions\/59337"}],"wp:featuredmedia":[{"embeddable":true,"href":"https:\/\/accessallartists.de\/en\/wp-json\/wp\/v2\/media\/57541"}],"wp:attachment":[{"href":"https:\/\/accessallartists.de\/en\/wp-json\/wp\/v2\/media?parent=57365"}],"curies":[{"name":"wp","href":"https:\/\/api.w.org\/{rel}","templated":true}]}}