{"id":58715,"date":"2024-07-09T12:38:11","date_gmt":"2024-07-09T10:38:11","guid":{"rendered":"https:\/\/accessallartists.de\/?page_id=58715"},"modified":"2024-07-09T12:38:11","modified_gmt":"2024-07-09T10:38:11","slug":"datenschutz_social","status":"publish","type":"page","link":"https:\/\/accessallartists.de\/en\/datenschutz_social\/","title":{"rendered":"Datenschutzhinweise Social Media"},"content":{"rendered":"<p>Sehr geehrte Besucher,<\/p>\n<p>wenn Sie unsere Social-Media-Kan\u00e4le besuchen, ist es erforderlich, dass von Ihnen personenbezogene Daten verarbeitet werden. Daher informieren wir Sie gem\u00e4\u00df Art. 13 DSGVO \u00fcber die Datenverarbeitung im Rahmen unserer Social-Media-Seiten.<\/p>\n<p><strong>1. Verantwortliche Stelle &amp; Social-Media-Kan\u00e4le<\/strong><\/p>\n<p>Access All Artists GmbH<br \/>\nHamburger Str. 273c<br \/>\nDE-38114 Braunschweig<\/p>\n<p>Telefon: +49 (0) 531 &#8211; 213 66 799<br \/>\nE-Mail: info@accessallartists.de<\/p>\n<p>Es werden folgende Seiten und Profile auf Social-Media-Plattformen betrieben:<\/p>\n<ul>\n<li>Facebook<\/li>\n<li>Instagram<\/li>\n<li>YouTube<\/li>\n<\/ul>\n<p>Im Rahmen des Urteils des EuGHs (C-210\/16 \u2013 Facebook Fanpages) vom 05.06.2018 wurde geurteilt, dass neben dem Betreiber des Social-Media-Plattform auch der Seiten- oder Profilbetreiber verantwortlich ist f\u00fcr die Datenverarbeitung. Daher sind sowohl wir als auch der Betreiber des Social-Media-Kanals gemeinsam verantwortlich f\u00fcr die Datenverarbeitung. Im Rahmen unserer M\u00f6glichkeiten der Einflussnahme wirken wir auf den datenschutzkonformen Umgang Ihrer Daten im Rahmen der Social-Media-Plattform hin. Allerdings sind wir oft nicht in der Lage, die Datenverarbeitung durch den Social-Media-Plattform Betreiber zu beeinflussen. Genauere Informationen entnehmen Sie bitte am Ende den jeweiligen Datenschutzhinweisen der Social-Media-Plattform Betreiber.<\/p>\n<p>&nbsp;<\/p>\n<p><strong>2. Datenverarbeitung durch Access All Artists<\/strong><\/p>\n<p><strong>2.1 Verarbeitung im Rahmen der Social-Media-Seite<\/strong><\/p>\n<p>Die von Ihnen besuchte Fanpage bietet Ihnen die M\u00f6glichkeit, auf unsere Beitr\u00e4ge zu reagieren, diese zu kommentieren, selbst einen Userpost zu erstellen und uns private Nachrichten mit pers\u00f6nlichen Anliegen zu schicken.<\/p>\n<p>Die in diesem Zusammenhang von Ihnen angegeben und f\u00fcr uns ggf. zug\u00e4nglichen Daten (z. B. Facebook Nutzername, Bilder, ggf. Interessen, Kontaktdaten) werden von uns zum Zweck der Kunden- und Interessentenkommunikation aufgrund eines \u00fcberwiegenden berechtigten Interesses genutzt (<strong>Art. 6 Abs. 1 lit. f DSGVO<\/strong>). Unser Interesse liegt darin, Ihnen eine Plattform zu bieten, auf der wir Ihnen aktuelle Informationen anzeigen und mit Hilfe derer Sie Ihr Anliegen an uns richten k\u00f6nnen und wir diesem schnellstm\u00f6glich nachkommen k\u00f6nnen. Ihre Daten werden, soweit es uns m\u00f6glich ist, bei Einstellung des Fanpagebetriebs gel\u00f6scht.<\/p>\n<p>Die von Ihnen auf der Social-Media-Plattform ver\u00f6ffentlichten Daten (beispielsweise Nutzername, Kommentare, Videos und Bilder) werden durch die entsprechende Social-Media-Plattform ver\u00f6ffentlicht und von uns nicht zu anderen Zwecken als f\u00fcr die hier aufgef\u00fchrten verarbeitet.<\/p>\n<p>Sollten Sie uns eine Anfrage \u00fcber eine Social-Media-Plattform stellen, k\u00f6nnte es dazu kommen, dass wir Sie auf andere, sicher Kommunikationswege verweisen. Es besteht f\u00fcr Sie jederzeit die M\u00f6glichkeit uns \u00fcber die im Impressum aufgef\u00fchrten Kontaktdaten zu erreichen.<\/p>\n<p>&nbsp;<\/p>\n<p><strong>2.2 Verarbeitung statistischer \u201eInsight-Daten\u201c<\/strong><\/p>\n<p>Einige Social-Media-Plattformen (beispielsweise Facebook und Instagram) bereiten Statistiken, sogenannte \u201eSeiten-Insights\u201c auf der Basis von Nutzungsdaten auf, welche uns zur Verf\u00fcgung gestellt werden.<\/p>\n<p>\u00dcber die sogenannten \u201eSeiten-Insights\u201c sind statistische Daten unterschiedlicher Kategorien f\u00fcr uns abrufbar (beispielsweise: Gesamtanzahl von Seitenaufrufen, Seitenaktivit\u00e4ten etc.). Diese Statistiken werden durch die Social-Media-Plattform erzeugt und erstellt, sodass wir darauf keinen Einfluss nehmen und dies auch nicht verhindern k\u00f6nnen.<\/p>\n<p>Die Social-Media-Plattformen bestimmen, bezugnehmend auf die Vereinbarung zur gemeinsamen Verantwortlichkeit, die Verarbeitung und Umsetzung der \u201eInsight-Daten\u201c. Unser Beitrag auf die Zweck-Mittel-Entscheidung der \u201eInsight-Daten\u201c beschr\u00e4nkt sich auf die Nutzung der \u201eInsight-Daten\u201c um Beitr\u00e4ge und Aktivit\u00e4ten auf unserer Social-Media-Seite attraktiver zu gestalten und entsprechend f\u00fcr die Nutzer anzupassen.<\/p>\n<p>Die bereitgestellten Statistiken werden in anonymisierter Form \u00fcbermittelt, sodass wir \u00fcber die Statistiken keinen bestimmten Nutzer identifizieren k\u00f6nnen. Die Seitenstatistiken werden von uns ausschlie\u00dflich f\u00fcr die oben genannten Zwecke genutzt und es kann kein R\u00fcckschluss auf einzelne Personen gezogen werden.<\/p>\n<p>Rechtsgrundlage f\u00fcr die Verarbeitung der Daten ist Art. 6 Abs. 1 lit. f DSGVO im Rahmen des berechtigten Interesses die Interaktionen mit unserer Social-Media-Seite zu validieren und Inhalte gezielt an die Interessenten auszurichten.<\/p>\n<p>Details zur Abgrenzung der Verantwortung finden Sie in folgender Vereinbarung: <a href=\"http:\/\/www.facebook.com\/legal\/terms\/page_controller_addendum\">https:\/\/www.facebook.com\/legal\/terms\/page_controller_addendum<\/a><\/p>\n<p>&nbsp;<\/p>\n<p><strong>2.3. Speicherdauer<\/strong><\/p>\n<p>Ihre personenbezogenen Daten werden gel\u00f6scht, wenn Sie f\u00fcr die Verarbeitungszwecke nicht mehr notwendig sind, beziehungsweise keine Aufbewahrungsfristen der L\u00f6schung entgegenstehen.<\/p>\n<p>&nbsp;<\/p>\n<p><strong>2.4. Datenverarbeitung durch die Betreiber der Social-Media-Plattformen<\/strong><\/p>\n<p>Die Betreiber der Social-Media-Plattformen setzen Webtrackingmethoden ein. Das Webtracking erfolgt unabh\u00e4ngig davon, ob Sie auf der Plattform registriert sind.<\/p>\n<p>Es kann daher nicht ausgeschlossen werden, dass die Betreiber der Social-Media-Plattformen Ihre Profil- und Verhaltensdaten nutzt um diese entsprechend auszuwerten. Wir haben keinen Einfluss auf die Verarbeitung Ihrer Daten durch die Anbieter der Social-Media-Plattformen, sodass die Nutzung der Social-Media-Plattform auf Ihre eigene Verantwortung hin erfolgt.<\/p>\n<p>N\u00e4here Informationen zur Datenverarbeitung durch die Anbieter der Social-Media-Plattformen, Konfigurationsm\u00f6glichkeiten zum Schutz Ihrer Privatsph\u00e4re sowie weitere Widerspruchsm\u00f6glichkeiten und, sofern vorhanden und abgeschlossen, die Vereinbarung nach Art. 26 DSGVO finden Sie in der Datenschutzerkl\u00e4rung des Anbieters:<\/p>\n<ul>\n<li>Facebook:\u00a0<a href=\"https:\/\/www.facebook.com\/about\/privacy\/update\">https:\/\/www.facebook.com\/about\/privacy\/update<\/a> und\u00a0<a href=\"https:\/\/www.facebook.com\/legal\/terms\/page_controller_addendum\">https:\/\/www.facebook.com\/legal\/terms\/page_controller_addendum<\/a><\/li>\n<li>YouTube:\u00a0<a href=\"https:\/\/www.youtube.com\/privacy\">https:\/\/www.youtube.com\/privacy<\/a><\/li>\n<li>Instagram:\u00a0<a href=\"https:\/\/www.instagram.com\/legal\/privacy\/\">https:\/\/www.instagram.com\/legal\/privacy\/<\/a> und <a href=\"https:\/\/www.facebook.com\/legal\/terms\/page_controller_addendum\">https:\/\/www.facebook.com\/legal\/terms\/page_controller_addendum<\/a><\/li>\n<\/ul>\n<p>&nbsp;<\/p>\n<p><strong>3.<\/strong><strong> Betroffenenrechte<\/strong><\/p>\n<p>Auskunftsanfragen und die Geltendmachung der Betroffenenrechte sollten Sie sinnvollerweise und am effektivsten direkt bei Facebook als Anbieter der Plattform geltend machen. Dies ergibt sich aus dem Umstand, dass nur Facebook die unmittelbaren Informationen sowie den Datenbestand hat, aus dem die \u00fcbermittelten Statistiken erstellt werden. Sollte unsere Unterst\u00fctzung erforderlich sein, k\u00f6nnen Sie uns jederzeit kontaktieren.<\/p>\n<p>Sie haben das Recht eine Best\u00e4tigung dar\u00fcber zu verlangen, ob Sie betreffende personenbezogene Daten durch uns verarbeitet werden. Ist dies der Fall, geben wir Ihnen gerne Auskunft \u00fcber diese personenbezogenen Daten und die in Art. 15 DSGVO aufgef\u00fchrten Informationen. Dar\u00fcber hinaus steht Ihnen unter den jeweiligen gesetzlichen Voraussetzungen das Recht auf Berichtigung (Art. 16 DSGVO), das Recht auf Einschr\u00e4nkung der Verarbeitung (Art. 18 DSGVO), das Recht auf L\u00f6schung (Art. 17 DSGVO) und das Recht auf Daten\u00fcbertragbarkeit (Art. 20 DSGVO) zu.<\/p>\n<p><em><strong>Widerspruchsrecht<\/strong><\/em><\/p>\n<p>Gem\u00e4\u00df Art. 21 Abs. 1 DSGVO haben Sie das Recht, der Verarbeitung Ihrer personenbezogenen Daten jederzeit zu widersprechen, soweit diese nicht zur Erf\u00fcllung eines Vertrages, einer rechtlichen Verpflichtung oder dem Schutz lebenswichtiger Interessen dient.<\/p>\n<p>Unbeschadet dieser Rechte und der M\u00f6glichkeit einer Geltendmachung eines anderweitigen verwaltungsrechtlichen oder gerichtlichen Rechtsbehelfs, haben Sie jederzeit die M\u00f6glichkeit, Ihr Recht auf Beschwerde bei einer Aufsichtsbeh\u00f6rde, insbesondere in dem Mitgliedstaat Ihres Aufenthaltsorts, Ihres Arbeitsplatzes oder des Orts des mutma\u00dflichen Versto\u00dfes, geltend zu machen, wenn Sie der Ansicht sind, dass die Verarbeitung der Sie betreffenden personenbezogenen Daten gegen datenschutzrechtliche Vorschriften verst\u00f6\u00dft (Art. 77 DSGVO)<\/p>","protected":false},"excerpt":{"rendered":"<p>Sehr geehrte Besucher, wenn Sie unsere Social-Media-Kan\u00e4le besuchen, ist es erforderlich, dass von Ihnen personenbezogene Daten verarbeitet werden. Daher informieren wir Sie gem\u00e4\u00df Art. 13 DSGVO \u00fcber die Datenverarbeitung im Rahmen unserer Social-Media-Seiten. 1. Verantwortliche Stelle &amp; Social-Media-Kan\u00e4le Access All Artists GmbH Hamburger Str. 273c DE-38114 Braunschweig Telefon: +49 (0) 531 &#8211; 213 66 799&hellip;<\/p>","protected":false},"author":1,"featured_media":57541,"parent":0,"menu_order":0,"comment_status":"closed","ping_status":"closed","template":"","meta":{"inline_featured_image":false,"footnotes":""},"class_list":["post-58715","page","type-page","status-publish","has-post-thumbnail","hentry","description-off"],"_links":{"self":[{"href":"https:\/\/accessallartists.de\/en\/wp-json\/wp\/v2\/pages\/58715","targetHints":{"allow":["GET"]}}],"collection":[{"href":"https:\/\/accessallartists.de\/en\/wp-json\/wp\/v2\/pages"}],"about":[{"href":"https:\/\/accessallartists.de\/en\/wp-json\/wp\/v2\/types\/page"}],"author":[{"embeddable":true,"href":"https:\/\/accessallartists.de\/en\/wp-json\/wp\/v2\/users\/1"}],"replies":[{"embeddable":true,"href":"https:\/\/accessallartists.de\/en\/wp-json\/wp\/v2\/comments?post=58715"}],"version-history":[{"count":0,"href":"https:\/\/accessallartists.de\/en\/wp-json\/wp\/v2\/pages\/58715\/revisions"}],"wp:featuredmedia":[{"embeddable":true,"href":"https:\/\/accessallartists.de\/en\/wp-json\/wp\/v2\/media\/57541"}],"wp:attachment":[{"href":"https:\/\/accessallartists.de\/en\/wp-json\/wp\/v2\/media?parent=58715"}],"curies":[{"name":"wp","href":"https:\/\/api.w.org\/{rel}","templated":true}]}}